{"id":11728,"date":"2015-03-10T23:03:28","date_gmt":"2015-03-10T22:03:28","guid":{"rendered":"https:\/\/mpe-europe.com\/?page_id=11728"},"modified":"2019-04-09T11:25:24","modified_gmt":"2019-04-09T09:25:24","slug":"legal-notice","status":"publish","type":"page","link":"https:\/\/www.mpe-europe.com\/en\/legal-notice\/","title":{"rendered":"Legal notice"},"content":{"rendered":"<section  class='av_textblock_section av-av_textblock-0366cc7376be6c9e82a3e9cc8987b64f '   itemscope=\"itemscope\" itemtype=\"https:\/\/schema.org\/CreativeWork\" ><div class='avia_textblock'  itemprop=\"text\" ><h6>COPYRIGHT<\/h6>\n<p class=\"justify\"><b>Todo el contenido escrito, v\u00eddeos e im\u00e1genes publicadas en mpe-europe.com est\u00e1 protegido por derechos de autor<\/b>. La republicaci\u00f3n, copia o reproducci\u00f3n de los contenidos est\u00e1 estrictamente prohibida sin el permiso expreso por escrito. Queda prohibido vender, reproducir o modificar el contenido de este sitio para obtener beneficios a partir del contenido encontrado en \u00e9l.<\/p>\n<p class=\"justify\">Es aceptable y bienvenido enlazar mpe-europe.com. Si desea obtener permiso por escrito, por favor, utilice el <a href=\"https:\/\/www.mpe-europe.com\/en\/contact-us\/\" target=\"_blank\">formulario de contacto<\/a>.<\/p>\n<p class=\"justify\">Este sitio Web pertenece a:<br \/>\nMASTER PRODUCTION SL<br \/>\nCIF: B \u2013 81991770<br \/>\nUbicaci\u00f3n: c\/Malmoe, 61<br \/>\n28032 Madrid<br \/>\nDatos Registrales: Registro Mercantil de Madrid, al tomo 12.988, folio 157 de la secci\u00f3n 8\u00aa, hoja M-209.374. A\u00f1o: 1998.<br \/>\nTel\u00e9fono: (+34) 913135868<br \/>\nCorreo electr\u00f3nico: info@mpe-europe.com<\/p>\n<p class=\"justify\">MASTER PRODUCTION SL, ofrece esta WEB con el objetivo de facilitar el acceso al p\u00fablico en la informaci\u00f3n de que dispone y de los actos que desarrolla, as\u00ed mismo, tiene el prop\u00f3sito de que toda la informaci\u00f3n facilitada sea exacta y precisa, procediendo a su actualizaci\u00f3n con la m\u00e1xima celeridad, evitando errores o corrigi\u00e9ndolos lo m\u00e1s r\u00e1pido posible una vez detectados. A pesar de ello MASTER PRODUCTION SL no se hace responsable de la exactitud y veracidad de la informaci\u00f3n provenientes de terceras personas f\u00edsicas o jur\u00eddicas que consten en la WEB a la cual se remite.<\/p>\n<\/div><\/section>\n","protected":false},"excerpt":{"rendered":"","protected":false},"author":1,"featured_media":0,"parent":0,"menu_order":0,"comment_status":"closed","ping_status":"closed","template":"","meta":{"footnotes":""},"class_list":["post-11728","page","type-page","status-publish","hentry"],"_links":{"self":[{"href":"https:\/\/www.mpe-europe.com\/en\/wp-json\/wp\/v2\/pages\/11728","targetHints":{"allow":["GET"]}}],"collection":[{"href":"https:\/\/www.mpe-europe.com\/en\/wp-json\/wp\/v2\/pages"}],"about":[{"href":"https:\/\/www.mpe-europe.com\/en\/wp-json\/wp\/v2\/types\/page"}],"author":[{"embeddable":true,"href":"https:\/\/www.mpe-europe.com\/en\/wp-json\/wp\/v2\/users\/1"}],"replies":[{"embeddable":true,"href":"https:\/\/www.mpe-europe.com\/en\/wp-json\/wp\/v2\/comments?post=11728"}],"version-history":[{"count":0,"href":"https:\/\/www.mpe-europe.com\/en\/wp-json\/wp\/v2\/pages\/11728\/revisions"}],"wp:attachment":[{"href":"https:\/\/www.mpe-europe.com\/en\/wp-json\/wp\/v2\/media?parent=11728"}],"curies":[{"name":"wp","href":"https:\/\/api.w.org\/{rel}","templated":true}]}}